{"id":27,"date":"2019-01-28T15:16:08","date_gmt":"2019-01-28T14:16:08","guid":{"rendered":"http:\/\/sestopiu.it\/wp\/?page_id=27"},"modified":"2019-02-10T14:51:33","modified_gmt":"2019-02-10T13:51:33","slug":"chi-siamo","status":"publish","type":"page","link":"https:\/\/sestopiu.it\/wp\/chi-siamo\/","title":{"rendered":"Chi siamo"},"content":{"rendered":"<h2 class=\"entry-title\">Associazione Idea Sestopiu<\/h2>\n<p>L&#8217;Associazione Idea Sesto Pi\u00f9 sorge nel 1997 per iniziativa di un gruppo di genitori e educatori con lo scopo di promuovere e sostenere la famiglia nel suo compito educativo. Gli ideatori e gli utenti provengono da Sesto S.G. e dagli altri comuni dell&#8217;hinterland milanese. Si finanzia con il contributo dei soci, di amici e di quanti ne condividono le finalit\u00e0. Il Presidente dell\u2019Associazione Idea Sesto Pi\u00f9 \u00e8 il sig. Lino Biancotto.<br \/>\n<!--more--><\/p>\n<h2 class=\"entry-title\">Famiglie<\/h2>\n<p>Convinti che un lavoro educativo possa essere efficace solo coinvolgendo anche i genitori, sono previsti per loro incontri culturali su temi educativi, corsi di orientamento familiare e feste familiari.<\/p>\n<p>Queste attivit\u00e0 favoriscono l\u2019instaurarsi di rapporti di amicizia tra le singole persone e tra le famiglie e sono un canale privilegiato per far conoscere l\u2019iniziativa ad un numero sempre maggiore di persone, le quali, oltre a trarne un beneficio personale, potranno eventualmente offrire la loro collaborazione a sostegno dello stesso.<\/p>\n<h2 class=\"entry-title\">Formazione Cristiana<\/h2>\n<p>L\u2019attivit\u00e0 formativa, dottrinale e spirituale di Idea Sesto Pi\u00f9 \u00e8 affidata alla Prelatura dell\u2019Opus Dei.<br \/>\nDettagli e informazioni sulle attivit\u00e0 di formazione nella sezione Attivit\u00e0.<\/p>\n<h2 class=\"entry-title\">Statuto<\/h2>\n<ol>\n<li>&#8220;IDEA SESTO PIU'&#8221; \u00e8 una associazione di volontariato apartitica di genitori ed educatori con sede in Sesto San Giovanni, Viale A. Gramsci, 154<\/li>\n<li>L&#8217;Associazione ha carattere volontario e non ha scopo di lucro.<\/li>\n<li>La durata dell&#8217;Associazione \u00e8 illimitata.<\/li>\n<li>L&#8217;Associazione si propone di promuovere e di favorire la famiglia come primario ambiente educativo, integrandone l&#8217;azione formativa nei confronti dei figli con iniziative conformi ai principi dei genitori e degli educatori associati. A tal fine l&#8217;Associazione potr\u00e0\n<ul>\n<li>promuovere e gestire attivit\u00e0 culturali, artistiche, ricreative e sportive;<\/li>\n<li>istituire corsi di aggiornamento e insegnamento a complemento e sussidio di quelli scolastici;<\/li>\n<li>agevolare i rapporti e la conoscenza tra gli associati mediante riunioni, conferenze, corsi di aggiornamento, conversazioni;<\/li>\n<li>sostenere e favorire attivit\u00e0 culturali e sportive promosse da persone o enti aventi scopi affini o analoghi a quelli dell&#8217;Associazione.<\/li>\n<\/ul>\n<\/li>\n<li>Possono essere soci dell&#8217;Associazione i cittadini italiani o stranieri residenti in Italia, disposti a condividere e sostenere la finalit\u00e0 dell&#8217;Associazione;\n<ul>\n<li>potranno essere infine soci enti pubblici e privati aventi finalit\u00e0 e scopi sociali affini o connessi a quelli dell&#8217;Associazione.<\/li>\n<li>La Associazione \u00e8 formata da Soci promotori e da soci ordinari.<\/li>\n<\/ul>\n<\/li>\n<li>Il Patrimonio dell&#8217;Associazione \u00e8 costituito da:\n<ul>\n<li>quote annuali versate dai soci;<\/li>\n<li>beni che diverrano propriet\u00e0 dell&#8217;Associazione stessa;<\/li>\n<li>fondi costituiti con eventuali eccedenze dei rendiconti di esercizio;<\/li>\n<li>erogazioni, donazioni, lasciti e da ogni altra entrata accettata dal Consiglio Diretttivo, che concorra al&#8217;incrementare il Fondo comune.<\/li>\n<\/ul>\n<\/li>\n<\/ol>\n<p>Vuoi <a href=\"https:\/\/sestopiu.it\/wp\/sostienici\/\">sostenere l&#8217;Associazione<\/a>?<\/p>\n","protected":false},"excerpt":{"rendered":"<p>Associazione Idea Sestopiu L&#8217;Associazione Idea Sesto Pi\u00f9 sorge nel 1997 per iniziativa di un gruppo di genitori e educatori con lo scopo di promuovere e sostenere la famiglia nel suo [&hellip;]<\/p>\n","protected":false},"author":1,"featured_media":217,"parent":0,"menu_order":0,"comment_status":"closed","ping_status":"closed","template":"","meta":{"site-sidebar-layout":"default","site-content-layout":"","ast-site-content-layout":"default","site-content-style":"default","site-sidebar-style":"default","ast-global-header-display":"","ast-banner-title-visibility":"","ast-main-header-display":"","ast-hfb-above-header-display":"","ast-hfb-below-header-display":"","ast-hfb-mobile-header-display":"","site-post-title":"","ast-breadcrumbs-content":"","ast-featured-img":"","footer-sml-layout":"","ast-disable-related-posts":"","theme-transparent-header-meta":"","adv-header-id-meta":"","stick-header-meta":"","header-above-stick-meta":"","header-main-stick-meta":"","header-below-stick-meta":"","astra-migrate-meta-layouts":"default","ast-page-background-enabled":"default","ast-page-background-meta":{"desktop":{"background-color":"var(--ast-global-color-4)","background-image":"","background-repeat":"repeat","background-position":"center center","background-size":"auto","background-attachment":"scroll","background-type":"","background-media":"","overlay-type":"","overlay-color":"","overlay-opacity":"","overlay-gradient":""},"tablet":{"background-color":"","background-image":"","background-repeat":"repeat","background-position":"center center","background-size":"auto","background-attachment":"scroll","background-type":"","background-media":"","overlay-type":"","overlay-color":"","overlay-opacity":"","overlay-gradient":""},"mobile":{"background-color":"","background-image":"","background-repeat":"repeat","background-position":"center center","background-size":"auto","background-attachment":"scroll","background-type":"","background-media":"","overlay-type":"","overlay-color":"","overlay-opacity":"","overlay-gradient":""}},"ast-content-background-meta":{"desktop":{"background-color":"var(--ast-global-color-5)","background-image":"","background-repeat":"repeat","background-position":"center center","background-size":"auto","background-attachment":"scroll","background-type":"","background-media":"","overlay-type":"","overlay-color":"","overlay-opacity":"","overlay-gradient":""},"tablet":{"background-color":"var(--ast-global-color-5)","background-image":"","background-repeat":"repeat","background-position":"center center","background-size":"auto","background-attachment":"scroll","background-type":"","background-media":"","overlay-type":"","overlay-color":"","overlay-opacity":"","overlay-gradient":""},"mobile":{"background-color":"var(--ast-global-color-5)","background-image":"","background-repeat":"repeat","background-position":"center center","background-size":"auto","background-attachment":"scroll","background-type":"","background-media":"","overlay-type":"","overlay-color":"","overlay-opacity":"","overlay-gradient":""}},"_themeisle_gutenberg_block_has_review":false,"_kadence_starter_templates_imported_post":false,"footnotes":""},"class_list":["post-27","page","type-page","status-publish","has-post-thumbnail","hentry"],"_links":{"self":[{"href":"https:\/\/sestopiu.it\/wp\/wp-json\/wp\/v2\/pages\/27","targetHints":{"allow":["GET"]}}],"collection":[{"href":"https:\/\/sestopiu.it\/wp\/wp-json\/wp\/v2\/pages"}],"about":[{"href":"https:\/\/sestopiu.it\/wp\/wp-json\/wp\/v2\/types\/page"}],"author":[{"embeddable":true,"href":"https:\/\/sestopiu.it\/wp\/wp-json\/wp\/v2\/users\/1"}],"replies":[{"embeddable":true,"href":"https:\/\/sestopiu.it\/wp\/wp-json\/wp\/v2\/comments?post=27"}],"version-history":[{"count":17,"href":"https:\/\/sestopiu.it\/wp\/wp-json\/wp\/v2\/pages\/27\/revisions"}],"predecessor-version":[{"id":4536,"href":"https:\/\/sestopiu.it\/wp\/wp-json\/wp\/v2\/pages\/27\/revisions\/4536"}],"wp:featuredmedia":[{"embeddable":true,"href":"https:\/\/sestopiu.it\/wp\/wp-json\/wp\/v2\/media\/217"}],"wp:attachment":[{"href":"https:\/\/sestopiu.it\/wp\/wp-json\/wp\/v2\/media?parent=27"}],"curies":[{"name":"wp","href":"https:\/\/api.w.org\/{rel}","templated":true}]}}